{"id":192,"date":"2025-05-27T12:39:24","date_gmt":"2025-05-27T10:39:24","guid":{"rendered":"https:\/\/www.fabricantdechaux.fr\/?page_id=192"},"modified":"2026-02-05T09:52:28","modified_gmt":"2026-02-05T08:52:28","slug":"ambiente","status":"publish","type":"page","link":"https:\/\/www.fabricantdechaux.fr\/es\/ambiente\/","title":{"rendered":"Desarrollo sostenible"},"content":{"rendered":"","protected":false},"excerpt":{"rendered":"","protected":false},"author":1,"featured_media":0,"parent":0,"menu_order":0,"comment_status":"closed","ping_status":"closed","template":"","meta":{"_acf_changed":false,"footnotes":""},"class_list":["post-192","page","type-page","status-publish","hentry"],"acf":[],"yoast_head":"<!-- This site is optimized with the Yoast SEO plugin v27.2 - https:\/\/yoast.com\/product\/yoast-seo-wordpress\/ -->\n<title>D\u00e9veloppement Durable - Eurocho<\/title>\n<meta name=\"description\" content=\"Par conviction et sens des responsabilit\u00e9s, EUROCHO est depuis sa cr\u00e9ation engag\u00e9e dans une d\u00e9marche environnementale et soci\u00e9tale.\" \/>\n<meta name=\"robots\" content=\"index, follow, max-snippet:-1, max-image-preview:large, max-video-preview:-1\" \/>\n<link rel=\"canonical\" href=\"https:\/\/www.fabricantdechaux.fr\/es\/ambiente\/\" \/>\n<meta property=\"og:locale\" content=\"es_ES\" \/>\n<meta property=\"og:type\" content=\"article\" \/>\n<meta property=\"og:title\" content=\"D\u00e9veloppement Durable - Eurocho\" \/>\n<meta property=\"og:description\" content=\"Par conviction et sens des responsabilit\u00e9s, EUROCHO est depuis sa cr\u00e9ation engag\u00e9e dans une d\u00e9marche environnementale et soci\u00e9tale.\" \/>\n<meta property=\"og:url\" content=\"https:\/\/www.fabricantdechaux.fr\/es\/ambiente\/\" \/>\n<meta property=\"og:site_name\" content=\"Eurocho\" \/>\n<meta property=\"article:modified_time\" content=\"2026-02-05T08:52:28+00:00\" \/>\n<meta name=\"twitter:card\" content=\"summary_large_image\" \/>\n<meta name=\"twitter:label1\" content=\"Tiempo de lectura\" \/>\n\t<meta name=\"twitter:data1\" content=\"7 minutos\" \/>\n<script type=\"application\/ld+json\" class=\"yoast-schema-graph\">{\"@context\":\"https:\/\/schema.org\",\"@graph\":[{\"@type\":\"WebPage\",\"@id\":\"https:\/\/www.fabricantdechaux.fr\/es\/ambiente\/\",\"url\":\"https:\/\/www.fabricantdechaux.fr\/es\/ambiente\/\",\"name\":\"D\u00e9veloppement Durable - Eurocho\",\"isPartOf\":{\"@id\":\"https:\/\/www.fabricantdechaux.fr\/es\/#website\"},\"datePublished\":\"2025-05-27T10:39:24+00:00\",\"dateModified\":\"2026-02-05T08:52:28+00:00\",\"description\":\"Par conviction et sens des responsabilit\u00e9s, EUROCHO est depuis sa cr\u00e9ation engag\u00e9e dans une d\u00e9marche environnementale et soci\u00e9tale.\",\"breadcrumb\":{\"@id\":\"https:\/\/www.fabricantdechaux.fr\/es\/ambiente\/#breadcrumb\"},\"inLanguage\":\"es\",\"potentialAction\":[{\"@type\":\"ReadAction\",\"target\":[\"https:\/\/www.fabricantdechaux.fr\/es\/ambiente\/\"]}]},{\"@type\":\"BreadcrumbList\",\"@id\":\"https:\/\/www.fabricantdechaux.fr\/es\/ambiente\/#breadcrumb\",\"itemListElement\":[{\"@type\":\"ListItem\",\"position\":1,\"name\":\"Accueil\",\"item\":\"https:\/\/www.fabricantdechaux.fr\/es\/\"},{\"@type\":\"ListItem\",\"position\":2,\"name\":\"D\u00e9veloppement Durable\"}]},{\"@type\":\"WebSite\",\"@id\":\"https:\/\/www.fabricantdechaux.fr\/es\/#website\",\"url\":\"https:\/\/www.fabricantdechaux.fr\/es\/\",\"name\":\"Eurocho\",\"description\":\"\",\"potentialAction\":[{\"@type\":\"SearchAction\",\"target\":{\"@type\":\"EntryPoint\",\"urlTemplate\":\"https:\/\/www.fabricantdechaux.fr\/es\/?s={search_term_string}\"},\"query-input\":{\"@type\":\"PropertyValueSpecification\",\"valueRequired\":true,\"valueName\":\"search_term_string\"}}],\"inLanguage\":\"es\"}]}<\/script>\n<!-- \/ Yoast SEO plugin. -->","yoast_head_json":{"title":"Desarrollo Sostenible - Eurocho","description":"Por convicci\u00f3n y sentido de responsabilidad, EUROCHO se ha comprometido con un enfoque medioambiental y social desde su creaci\u00f3n.","robots":{"index":"index","follow":"follow","max-snippet":"max-snippet:-1","max-image-preview":"max-image-preview:large","max-video-preview":"max-video-preview:-1"},"canonical":"https:\/\/www.fabricantdechaux.fr\/es\/ambiente\/","og_locale":"es_ES","og_type":"article","og_title":"D\u00e9veloppement Durable - Eurocho","og_description":"Par conviction et sens des responsabilit\u00e9s, EUROCHO est depuis sa cr\u00e9ation engag\u00e9e dans une d\u00e9marche environnementale et soci\u00e9tale.","og_url":"https:\/\/www.fabricantdechaux.fr\/es\/ambiente\/","og_site_name":"Eurocho","article_modified_time":"2026-02-05T08:52:28+00:00","twitter_card":"summary_large_image","twitter_misc":{"Tiempo de lectura":"7 minutos"},"schema":{"@context":"https:\/\/schema.org","@graph":[{"@type":"WebPage","@id":"https:\/\/www.fabricantdechaux.fr\/es\/ambiente\/","url":"https:\/\/www.fabricantdechaux.fr\/es\/ambiente\/","name":"Desarrollo Sostenible - Eurocho","isPartOf":{"@id":"https:\/\/www.fabricantdechaux.fr\/es\/#website"},"datePublished":"2025-05-27T10:39:24+00:00","dateModified":"2026-02-05T08:52:28+00:00","description":"Por convicci\u00f3n y sentido de responsabilidad, EUROCHO se ha comprometido con un enfoque medioambiental y social desde su creaci\u00f3n.","breadcrumb":{"@id":"https:\/\/www.fabricantdechaux.fr\/es\/ambiente\/#breadcrumb"},"inLanguage":"es","potentialAction":[{"@type":"ReadAction","target":["https:\/\/www.fabricantdechaux.fr\/es\/ambiente\/"]}]},{"@type":"BreadcrumbList","@id":"https:\/\/www.fabricantdechaux.fr\/es\/ambiente\/#breadcrumb","itemListElement":[{"@type":"ListItem","position":1,"name":"Accueil","item":"https:\/\/www.fabricantdechaux.fr\/es\/"},{"@type":"ListItem","position":2,"name":"D\u00e9veloppement Durable"}]},{"@type":"WebSite","@id":"https:\/\/www.fabricantdechaux.fr\/es\/#website","url":"https:\/\/www.fabricantdechaux.fr\/es\/","name":"Eurocho","description":"","potentialAction":[{"@type":"SearchAction","target":{"@type":"EntryPoint","urlTemplate":"https:\/\/www.fabricantdechaux.fr\/es\/?s={search_term_string}"},"query-input":{"@type":"PropertyValueSpecification","valueRequired":true,"valueName":"search_term_string"}}],"inLanguage":"es"}]}},"_links":{"self":[{"href":"https:\/\/www.fabricantdechaux.fr\/es\/wp-json\/wp\/v2\/pages\/192","targetHints":{"allow":["GET"]}}],"collection":[{"href":"https:\/\/www.fabricantdechaux.fr\/es\/wp-json\/wp\/v2\/pages"}],"about":[{"href":"https:\/\/www.fabricantdechaux.fr\/es\/wp-json\/wp\/v2\/types\/page"}],"author":[{"embeddable":true,"href":"https:\/\/www.fabricantdechaux.fr\/es\/wp-json\/wp\/v2\/users\/1"}],"replies":[{"embeddable":true,"href":"https:\/\/www.fabricantdechaux.fr\/es\/wp-json\/wp\/v2\/comments?post=192"}],"version-history":[{"count":49,"href":"https:\/\/www.fabricantdechaux.fr\/es\/wp-json\/wp\/v2\/pages\/192\/revisions"}],"predecessor-version":[{"id":550,"href":"https:\/\/www.fabricantdechaux.fr\/es\/wp-json\/wp\/v2\/pages\/192\/revisions\/550"}],"wp:attachment":[{"href":"https:\/\/www.fabricantdechaux.fr\/es\/wp-json\/wp\/v2\/media?parent=192"}],"curies":[{"name":"wp","href":"https:\/\/api.w.org\/{rel}","templated":true}]}}