{"id":387,"date":"2025-08-04T14:53:57","date_gmt":"2025-08-04T12:53:57","guid":{"rendered":"https:\/\/www.fabricantdechaux.fr\/?page_id=387"},"modified":"2026-02-05T09:44:06","modified_gmt":"2026-02-05T08:44:06","slug":"avisos-legales","status":"publish","type":"page","link":"https:\/\/www.fabricantdechaux.fr\/es\/avisos-legales\/","title":{"rendered":"Avisos legales"},"content":{"rendered":"\r\n<p><strong>Nom du site :<\/strong> Eurocho<br \/><strong>URL :<\/strong> https:\/\/www.eurocho.fr<\/p>\r\n\r\n\r\n<hr class=\"wp-block-separator has-alpha-channel-opacity\" \/>\r\n\r\n\r\n<p>&nbsp;<\/p>\r\n\r\n\r\n\r\n<h3 class=\"wp-block-heading\"><strong>1. \u00c9diteur du site<\/strong><\/h3>\r\n\r\n\r\n\r\n<p>Ce site internet est la propri\u00e9t\u00e9 de la soci\u00e9t\u00e9 EUROCHO<\/p>\r\n\r\n\r\n\r\n<p><strong>Raison sociale \/ Nom :<\/strong> EUROCHO<br \/><strong>Forme juridique :<\/strong> SASU<br \/><strong>Adresse :<\/strong> 6 B AVENUE THOMAS EDISON,11000 CARCASSONNE<br \/><strong>Num\u00e9ro SIRET :<\/strong> 41107648200057<br \/><strong>RCS \/ RM :<\/strong> 411 076 482 R.C.S. Carcassonne<br \/><strong>Num\u00e9ro TVA intracommunautaire :<\/strong> FR73411076482<\/p>\r\n\r\n\r\n<hr class=\"wp-block-separator has-alpha-channel-opacity\" \/>\r\n\r\n\r\n<p>&nbsp;<\/p>\r\n\r\n\r\n\r\n<h3 class=\"wp-block-heading\"><strong>2. D\u00e9veloppement<\/strong><\/h3>\r\n\r\n\r\n\r\n<p><strong>Nom :<\/strong> UNIWEB<br \/><strong>Adresse :<\/strong> 121B rue avenue Tolosan 31520 Ramonville-St-Agne<\/p>\r\n\r\n\r\n\r\n<p><strong>Site Web :\u00a0<a href=\"https:\/\/www.uniweb-toulouse.fr\/\">https:\/\/www.uniweb-toulouse.fr<\/a> <\/strong><\/p>\r\n\r\n\r\n<hr class=\"wp-block-separator has-alpha-channel-opacity\" \/>\r\n\r\n\r\n<p>&nbsp;<\/p>\r\n\r\n\r\n\r\n<h3 class=\"wp-block-heading\"><strong>3. H\u00e9bergeur du site<\/strong><\/h3>\r\n\r\n\r\n\r\n<p><strong>Nom :<\/strong> OVH : Innovation is Freedom<br \/><strong>Adresse :<\/strong> 2 rue Kellermann 59100, Roubaix<br \/><strong>Site web :<\/strong> <a href=\"https:\/\/www.ovhcloud.com\/fr\/\">https:\/\/www.ovhcloud.com<\/a><\/p>\r\n\r\n\r\n<hr class=\"wp-block-separator has-alpha-channel-opacity\" \/>\r\n\r\n\r\n<p>&nbsp;<\/p>\r\n\r\n\r\n\r\n<h3 class=\"wp-block-heading\"><strong>4. Propri\u00e9t\u00e9 intellectuelle<\/strong><\/h3>\r\n\r\n\r\n\r\n<p>L\u2019ensemble du contenu du site (textes, images, graphismes, logo, ic\u00f4nes, sons, logiciels\u2026) est prot\u00e9g\u00e9 par les lois en vigueur sur la propri\u00e9t\u00e9 intellectuelle.<br \/>Toute reproduction, repr\u00e9sentation, modification, publication ou adaptation, totale ou partielle, des \u00e9l\u00e9ments du site est interdite, sauf autorisation \u00e9crite pr\u00e9alable.<\/p>\r\n\r\n\r\n<hr class=\"wp-block-separator has-alpha-channel-opacity\" \/>\r\n\r\n\r\n<p>&nbsp;<\/p>\r\n\r\n\r\n\r\n<h3 class=\"wp-block-heading\"><strong>5. Donn\u00e9es personnelles<\/strong><\/h3>\r\n\r\n\r\n\r\n<p>Les informations collect\u00e9es via ce site sont destin\u00e9es \u00e0 [Finalit\u00e9\u202f: ex. gestion des commandes, envoi de newsletter\u2026].<br \/>Conform\u00e9ment au R\u00e8glement G\u00e9n\u00e9ral sur la Protection des Donn\u00e9es (RGPD), vous disposez d\u2019un droit d\u2019acc\u00e8s, de rectification, d\u2019effacement et de portabilit\u00e9 des donn\u00e9es vous concernant.<\/p>\r\n\r\n\r\n\r\n<p>Vous pouvez introduire une r\u00e9clamation aupr\u00e8s de la <strong>CNIL<\/strong> (<a>www.cnil.fr<\/a>).<\/p>\r\n\r\n\r\n\r\n\r\n<hr class=\"wp-block-separator has-alpha-channel-opacity\" \/>\r\n\r\n\r\n<p>&nbsp;<\/p>\r\n\r\n\r\n\r\n<h3 class=\"wp-block-heading\"><strong>6. Limitation de responsabilit\u00e9<\/strong><\/h3>\r\n\r\n\r\n\r\n<p>Le site EUROCHO ne saurait \u00eatre tenu responsable des dommages directs ou indirects caus\u00e9s au mat\u00e9riel de l\u2019utilisateur lors de l\u2019acc\u00e8s au site, r\u00e9sultant soit de l\u2019utilisation d\u2019un mat\u00e9riel ne r\u00e9pondant pas aux sp\u00e9cifications, soit de l\u2019apparition d\u2019un bug ou d\u2019une incompatibilit\u00e9.<\/p>\r\n","protected":false},"excerpt":{"rendered":"<p>Nom du site : EurochoURL : https:\/\/www.eurocho.fr &nbsp; 1. \u00c9diteur du site Ce site internet est la propri\u00e9t\u00e9 de la soci\u00e9t\u00e9 EUROCHO Raison sociale \/ Nom : EUROCHOForme juridique : SASUAdresse : 6 B AVENUE THOMAS EDISON,11000 CARCASSONNENum\u00e9ro SIRET : 41107648200057RCS \/ RM : 411 076 482 R.C.S. CarcassonneNum\u00e9ro TVA intracommunautaire : FR73411076482 &nbsp; 2. [&hellip;]<\/p>\n","protected":false},"author":1,"featured_media":0,"parent":0,"menu_order":0,"comment_status":"closed","ping_status":"closed","template":"","meta":{"_acf_changed":false,"footnotes":""},"class_list":["post-387","page","type-page","status-publish","hentry"],"acf":[],"yoast_head":"<!-- This site is optimized with the Yoast SEO plugin v27.2 - https:\/\/yoast.com\/product\/yoast-seo-wordpress\/ -->\n<title>Mentions L\u00e9gales - Eurocho<\/title>\n<meta name=\"robots\" content=\"index, follow, max-snippet:-1, max-image-preview:large, max-video-preview:-1\" \/>\n<link rel=\"canonical\" href=\"https:\/\/www.fabricantdechaux.fr\/es\/avisos-legales\/\" \/>\n<meta property=\"og:locale\" content=\"es_ES\" \/>\n<meta property=\"og:type\" content=\"article\" \/>\n<meta property=\"og:title\" content=\"Mentions L\u00e9gales - Eurocho\" \/>\n<meta property=\"og:description\" content=\"Nom du site : EurochoURL : https:\/\/www.eurocho.fr &nbsp; 1. \u00c9diteur du site Ce site internet est la propri\u00e9t\u00e9 de la soci\u00e9t\u00e9 EUROCHO Raison sociale \/ Nom : EUROCHOForme juridique : SASUAdresse : 6 B AVENUE THOMAS EDISON,11000 CARCASSONNENum\u00e9ro SIRET : 41107648200057RCS \/ RM : 411 076 482 R.C.S. CarcassonneNum\u00e9ro TVA intracommunautaire : FR73411076482 &nbsp; 2. [&hellip;]\" \/>\n<meta property=\"og:url\" content=\"https:\/\/www.fabricantdechaux.fr\/es\/avisos-legales\/\" \/>\n<meta property=\"og:site_name\" content=\"Eurocho\" \/>\n<meta property=\"article:modified_time\" content=\"2026-02-05T08:44:06+00:00\" \/>\n<meta name=\"twitter:card\" content=\"summary_large_image\" \/>\n<meta name=\"twitter:label1\" content=\"Tiempo de lectura\" \/>\n\t<meta name=\"twitter:data1\" content=\"3 minutos\" \/>\n<script type=\"application\/ld+json\" class=\"yoast-schema-graph\">{\"@context\":\"https:\/\/schema.org\",\"@graph\":[{\"@type\":\"WebPage\",\"@id\":\"https:\/\/www.fabricantdechaux.fr\/es\/avisos-legales\/\",\"url\":\"https:\/\/www.fabricantdechaux.fr\/es\/avisos-legales\/\",\"name\":\"Mentions L\u00e9gales - Eurocho\",\"isPartOf\":{\"@id\":\"https:\/\/www.fabricantdechaux.fr\/es\/#website\"},\"datePublished\":\"2025-08-04T12:53:57+00:00\",\"dateModified\":\"2026-02-05T08:44:06+00:00\",\"breadcrumb\":{\"@id\":\"https:\/\/www.fabricantdechaux.fr\/es\/avisos-legales\/#breadcrumb\"},\"inLanguage\":\"es\",\"potentialAction\":[{\"@type\":\"ReadAction\",\"target\":[\"https:\/\/www.fabricantdechaux.fr\/es\/avisos-legales\/\"]}]},{\"@type\":\"BreadcrumbList\",\"@id\":\"https:\/\/www.fabricantdechaux.fr\/es\/avisos-legales\/#breadcrumb\",\"itemListElement\":[{\"@type\":\"ListItem\",\"position\":1,\"name\":\"Accueil\",\"item\":\"https:\/\/www.fabricantdechaux.fr\/es\/\"},{\"@type\":\"ListItem\",\"position\":2,\"name\":\"Mentions L\u00e9gales\"}]},{\"@type\":\"WebSite\",\"@id\":\"https:\/\/www.fabricantdechaux.fr\/es\/#website\",\"url\":\"https:\/\/www.fabricantdechaux.fr\/es\/\",\"name\":\"Eurocho\",\"description\":\"\",\"potentialAction\":[{\"@type\":\"SearchAction\",\"target\":{\"@type\":\"EntryPoint\",\"urlTemplate\":\"https:\/\/www.fabricantdechaux.fr\/es\/?s={search_term_string}\"},\"query-input\":{\"@type\":\"PropertyValueSpecification\",\"valueRequired\":true,\"valueName\":\"search_term_string\"}}],\"inLanguage\":\"es\"}]}<\/script>\n<!-- \/ Yoast SEO plugin. -->","yoast_head_json":{"title":"Avisos legales - Eurocho","robots":{"index":"index","follow":"follow","max-snippet":"max-snippet:-1","max-image-preview":"max-image-preview:large","max-video-preview":"max-video-preview:-1"},"canonical":"https:\/\/www.fabricantdechaux.fr\/es\/avisos-legales\/","og_locale":"es_ES","og_type":"article","og_title":"Mentions L\u00e9gales - Eurocho","og_description":"Nom du site : EurochoURL : https:\/\/www.eurocho.fr &nbsp; 1. \u00c9diteur du site Ce site internet est la propri\u00e9t\u00e9 de la soci\u00e9t\u00e9 EUROCHO Raison sociale \/ Nom : EUROCHOForme juridique : SASUAdresse : 6 B AVENUE THOMAS EDISON,11000 CARCASSONNENum\u00e9ro SIRET : 41107648200057RCS \/ RM : 411 076 482 R.C.S. CarcassonneNum\u00e9ro TVA intracommunautaire : FR73411076482 &nbsp; 2. [&hellip;]","og_url":"https:\/\/www.fabricantdechaux.fr\/es\/avisos-legales\/","og_site_name":"Eurocho","article_modified_time":"2026-02-05T08:44:06+00:00","twitter_card":"summary_large_image","twitter_misc":{"Tiempo de lectura":"3 minutos"},"schema":{"@context":"https:\/\/schema.org","@graph":[{"@type":"WebPage","@id":"https:\/\/www.fabricantdechaux.fr\/es\/avisos-legales\/","url":"https:\/\/www.fabricantdechaux.fr\/es\/avisos-legales\/","name":"Avisos legales - Eurocho","isPartOf":{"@id":"https:\/\/www.fabricantdechaux.fr\/es\/#website"},"datePublished":"2025-08-04T12:53:57+00:00","dateModified":"2026-02-05T08:44:06+00:00","breadcrumb":{"@id":"https:\/\/www.fabricantdechaux.fr\/es\/avisos-legales\/#breadcrumb"},"inLanguage":"es","potentialAction":[{"@type":"ReadAction","target":["https:\/\/www.fabricantdechaux.fr\/es\/avisos-legales\/"]}]},{"@type":"BreadcrumbList","@id":"https:\/\/www.fabricantdechaux.fr\/es\/avisos-legales\/#breadcrumb","itemListElement":[{"@type":"ListItem","position":1,"name":"Accueil","item":"https:\/\/www.fabricantdechaux.fr\/es\/"},{"@type":"ListItem","position":2,"name":"Mentions L\u00e9gales"}]},{"@type":"WebSite","@id":"https:\/\/www.fabricantdechaux.fr\/es\/#website","url":"https:\/\/www.fabricantdechaux.fr\/es\/","name":"Eurocho","description":"","potentialAction":[{"@type":"SearchAction","target":{"@type":"EntryPoint","urlTemplate":"https:\/\/www.fabricantdechaux.fr\/es\/?s={search_term_string}"},"query-input":{"@type":"PropertyValueSpecification","valueRequired":true,"valueName":"search_term_string"}}],"inLanguage":"es"}]}},"_links":{"self":[{"href":"https:\/\/www.fabricantdechaux.fr\/es\/wp-json\/wp\/v2\/pages\/387","targetHints":{"allow":["GET"]}}],"collection":[{"href":"https:\/\/www.fabricantdechaux.fr\/es\/wp-json\/wp\/v2\/pages"}],"about":[{"href":"https:\/\/www.fabricantdechaux.fr\/es\/wp-json\/wp\/v2\/types\/page"}],"author":[{"embeddable":true,"href":"https:\/\/www.fabricantdechaux.fr\/es\/wp-json\/wp\/v2\/users\/1"}],"replies":[{"embeddable":true,"href":"https:\/\/www.fabricantdechaux.fr\/es\/wp-json\/wp\/v2\/comments?post=387"}],"version-history":[{"count":7,"href":"https:\/\/www.fabricantdechaux.fr\/es\/wp-json\/wp\/v2\/pages\/387\/revisions"}],"predecessor-version":[{"id":605,"href":"https:\/\/www.fabricantdechaux.fr\/es\/wp-json\/wp\/v2\/pages\/387\/revisions\/605"}],"wp:attachment":[{"href":"https:\/\/www.fabricantdechaux.fr\/es\/wp-json\/wp\/v2\/media?parent=387"}],"curies":[{"name":"wp","href":"https:\/\/api.w.org\/{rel}","templated":true}]}}